{"id":60,"date":"2017-01-11T17:23:36","date_gmt":"2017-01-11T17:23:36","guid":{"rendered":"https:\/\/dressbydre.com.br\/loja\/?post_type=product&#038;p=60"},"modified":"2018-02-01T12:37:00","modified_gmt":"2018-02-01T12:37:00","slug":"jaleco-feminino-viena-azul-marinho","status":"publish","type":"product","link":"https:\/\/dressbydre.com.br\/loja\/produto\/jaleco-feminino-viena-azul-marinho\/","title":{"rendered":"Jaleco Feminino Viena Azul Marinho"},"content":{"rendered":"<p>O Jaleco Feminino Viena tem inspira\u00e7\u00e3o na alta alfaiataria, com gola tipo smoking, bolsos frontais tipo faca e modelagem fit, o caimento fica bem ajustado a silhueta. Destaque para os detalhes em branco da pe\u00e7a contrastando com o bel\u00edssimo azul marinho do gabardine. Ideal para consultas mais formais e eventos. Tecido gabardine importado.<\/p>\n<p>Op\u00e7\u00f5es de cor: branca e azul marinho com detalhes em branco<\/p>\n<p>Aplica\u00e7\u00e3o de bot\u00f5es personalizados Dress by Dre<\/p>\n<p>Aplica\u00e7\u00e3o de etiqueta met\u00e1lica lav\u00e1vel<\/p>\n<p>Prazo de entrega: 10 dias \u00fateis<\/p>\n<p><a href=\"https:\/\/dressbydre.com.br\/loja\/wp-content\/uploads\/2017\/02\/medidas_jalecos.png\"><img loading=\"lazy\" decoding=\"async\" class=\"alignleft wp-image-199 size-full\" src=\"https:\/\/dressbydre.com.br\/loja\/wp-content\/uploads\/2017\/02\/medidas_jalecos.png\" width=\"489\" height=\"257\" srcset=\"https:\/\/dressbydre.com.br\/loja\/wp-content\/uploads\/2017\/02\/medidas_jalecos.png 489w, https:\/\/dressbydre.com.br\/loja\/wp-content\/uploads\/2017\/02\/medidas_jalecos-300x158.png 300w\" sizes=\"(max-width: 489px) 100vw, 489px\" \/><\/a><\/p>\n","protected":false},"excerpt":{"rendered":"<p>O Jaleco Feminino Viena tem inspira\u00e7\u00e3o na alta alfaiataria, com gola tipo smoking, bolsos frontais tipo faca e modelagem fit, o caimento fica bem ajustado a silhueta. Tecido gabardine importado.<\/p>\n","protected":false},"featured_media":90,"comment_status":"open","ping_status":"closed","template":"","meta":{"_monsterinsights_skip_tracking":false,"_monsterinsights_sitenote_active":false,"_monsterinsights_sitenote_note":"","_monsterinsights_sitenote_category":0},"product_cat":[12],"product_tag":[],"_links":{"self":[{"href":"https:\/\/dressbydre.com.br\/loja\/wp-json\/wp\/v2\/product\/60"}],"collection":[{"href":"https:\/\/dressbydre.com.br\/loja\/wp-json\/wp\/v2\/product"}],"about":[{"href":"https:\/\/dressbydre.com.br\/loja\/wp-json\/wp\/v2\/types\/product"}],"replies":[{"embeddable":true,"href":"https:\/\/dressbydre.com.br\/loja\/wp-json\/wp\/v2\/comments?post=60"}],"wp:featuredmedia":[{"embeddable":true,"href":"https:\/\/dressbydre.com.br\/loja\/wp-json\/wp\/v2\/media\/90"}],"wp:attachment":[{"href":"https:\/\/dressbydre.com.br\/loja\/wp-json\/wp\/v2\/media?parent=60"}],"wp:term":[{"taxonomy":"product_cat","embeddable":true,"href":"https:\/\/dressbydre.com.br\/loja\/wp-json\/wp\/v2\/product_cat?post=60"},{"taxonomy":"product_tag","embeddable":true,"href":"https:\/\/dressbydre.com.br\/loja\/wp-json\/wp\/v2\/product_tag?post=60"}],"curies":[{"name":"wp","href":"https:\/\/api.w.org\/{rel}","templated":true}]}}