{"id":58,"date":"2017-01-06T17:37:52","date_gmt":"2017-01-06T17:37:52","guid":{"rendered":"https:\/\/dressbydre.com.br\/loja\/?post_type=product&#038;p=58"},"modified":"2018-02-01T12:37:44","modified_gmt":"2018-02-01T12:37:44","slug":"jaleco-feminino-verao-nice","status":"publish","type":"product","link":"https:\/\/dressbydre.com.br\/loja\/produto\/jaleco-feminino-verao-nice\/","title":{"rendered":"Jaleco Feminino Ver\u00e3o Nice"},"content":{"rendered":"<p>O Jaleco Feminino Ver\u00e3o Nice tem modelagem fit que permite que o caimento fique bem ajustado a silhueta, decote nadador, perfeito para os dias quentes! Bolso frontal tipo faca e delicada aplica\u00e7\u00e3o em renda d\u00e1 um toque de sofistica\u00e7\u00e3o a pe\u00e7a. Tecido gabardine importado. Perfeito para as profissionais que possam trabalhar com uma pe\u00e7a mais leve e sem mangas.<\/p>\n<p>Op\u00e7\u00e3o de cor: branca com renda branca<\/p>\n<p>Aplica\u00e7\u00e3o de bot\u00f5es personalizados Dress by Dre<\/p>\n<p>Aplica\u00e7\u00e3o de etiqueta met\u00e1lica lav\u00e1vel<\/p>\n<p>Prazo de entrega: 10 dias \u00fateis<\/p>\n<p><a href=\"https:\/\/dressbydre.com.br\/loja\/wp-content\/uploads\/2017\/02\/medidas_jalecos.png\"><img loading=\"lazy\" decoding=\"async\" class=\"alignleft wp-image-199 size-full\" src=\"https:\/\/dressbydre.com.br\/loja\/wp-content\/uploads\/2017\/02\/medidas_jalecos.png\" width=\"489\" height=\"257\" srcset=\"https:\/\/dressbydre.com.br\/loja\/wp-content\/uploads\/2017\/02\/medidas_jalecos.png 489w, https:\/\/dressbydre.com.br\/loja\/wp-content\/uploads\/2017\/02\/medidas_jalecos-300x158.png 300w\" sizes=\"(max-width: 489px) 100vw, 489px\" \/><\/a><\/p>\n","protected":false},"excerpt":{"rendered":"<p>Modelagem fit que permite que o caimento fique bem ajustado a silhueta, decote nadador, bolso frontal tipo faca e delicada aplica\u00e7\u00e3o em renda. Perfeito para os dias quentes!<\/p>\n","protected":false},"featured_media":98,"comment_status":"open","ping_status":"closed","template":"","meta":{"_monsterinsights_skip_tracking":false,"_monsterinsights_sitenote_active":false,"_monsterinsights_sitenote_note":"","_monsterinsights_sitenote_category":0},"product_cat":[13],"product_tag":[],"_links":{"self":[{"href":"https:\/\/dressbydre.com.br\/loja\/wp-json\/wp\/v2\/product\/58"}],"collection":[{"href":"https:\/\/dressbydre.com.br\/loja\/wp-json\/wp\/v2\/product"}],"about":[{"href":"https:\/\/dressbydre.com.br\/loja\/wp-json\/wp\/v2\/types\/product"}],"replies":[{"embeddable":true,"href":"https:\/\/dressbydre.com.br\/loja\/wp-json\/wp\/v2\/comments?post=58"}],"wp:featuredmedia":[{"embeddable":true,"href":"https:\/\/dressbydre.com.br\/loja\/wp-json\/wp\/v2\/media\/98"}],"wp:attachment":[{"href":"https:\/\/dressbydre.com.br\/loja\/wp-json\/wp\/v2\/media?parent=58"}],"wp:term":[{"taxonomy":"product_cat","embeddable":true,"href":"https:\/\/dressbydre.com.br\/loja\/wp-json\/wp\/v2\/product_cat?post=58"},{"taxonomy":"product_tag","embeddable":true,"href":"https:\/\/dressbydre.com.br\/loja\/wp-json\/wp\/v2\/product_tag?post=58"}],"curies":[{"name":"wp","href":"https:\/\/api.w.org\/{rel}","templated":true}]}}