{"id":57,"date":"2017-01-06T17:37:08","date_gmt":"2017-01-06T17:37:08","guid":{"rendered":"https:\/\/dressbydre.com.br\/loja\/?post_type=product&#038;p=57"},"modified":"2018-02-01T12:38:06","modified_gmt":"2018-02-01T12:38:06","slug":"jaleco-de-feminino-verao-diane","status":"publish","type":"product","link":"https:\/\/dressbydre.com.br\/loja\/produto\/jaleco-de-feminino-verao-diane\/","title":{"rendered":"Jaleco Feminino Ver\u00e3o Diane"},"content":{"rendered":"<p>O Jaleco Feminino Diane tem modelagem fit que permite que o caimento fique bem ajustado a silhueta. Destaque para as aplica\u00e7\u00f5es em renda que d\u00e3o feminilidade a pe\u00e7a, fechamento transpassado com faixa de ajuste lateral. Perfeito para profissionais da sa\u00fade que possam exercer suas atividades com uma pe\u00e7a mais leve e de mangas curtas. Tecido gabardine importado.<\/p>\n<p>Op\u00e7\u00f5es de cor: branca com renda branca.<\/p>\n<p>Aplica\u00e7\u00e3o de etiqueta e fivela de ajuste met\u00e1lica<\/p>\n<p>Prazo de entrega: 10 dias \u00fateis<\/p>\n<p><a href=\"https:\/\/dressbydre.com.br\/loja\/wp-content\/uploads\/2017\/02\/medidas_jalecos.png\"><img loading=\"lazy\" decoding=\"async\" class=\"alignleft wp-image-199 size-full\" src=\"https:\/\/dressbydre.com.br\/loja\/wp-content\/uploads\/2017\/02\/medidas_jalecos.png\" width=\"489\" height=\"257\" srcset=\"https:\/\/dressbydre.com.br\/loja\/wp-content\/uploads\/2017\/02\/medidas_jalecos.png 489w, https:\/\/dressbydre.com.br\/loja\/wp-content\/uploads\/2017\/02\/medidas_jalecos-300x158.png 300w\" sizes=\"(max-width: 489px) 100vw, 489px\" \/><\/a><\/p>\n","protected":false},"excerpt":{"rendered":"<p>Modelagem fit que permite que o caimento fique bem ajustado a silhueta. Fechamento transpassado e destaque para as aplica\u00e7\u00f5es em renda que d\u00e3o feminilidade a pe\u00e7a.<\/p>\n","protected":false},"featured_media":103,"comment_status":"open","ping_status":"closed","template":"","meta":{"_monsterinsights_skip_tracking":false,"_monsterinsights_sitenote_active":false,"_monsterinsights_sitenote_note":"","_monsterinsights_sitenote_category":0},"product_cat":[13],"product_tag":[],"_links":{"self":[{"href":"https:\/\/dressbydre.com.br\/loja\/wp-json\/wp\/v2\/product\/57"}],"collection":[{"href":"https:\/\/dressbydre.com.br\/loja\/wp-json\/wp\/v2\/product"}],"about":[{"href":"https:\/\/dressbydre.com.br\/loja\/wp-json\/wp\/v2\/types\/product"}],"replies":[{"embeddable":true,"href":"https:\/\/dressbydre.com.br\/loja\/wp-json\/wp\/v2\/comments?post=57"}],"wp:featuredmedia":[{"embeddable":true,"href":"https:\/\/dressbydre.com.br\/loja\/wp-json\/wp\/v2\/media\/103"}],"wp:attachment":[{"href":"https:\/\/dressbydre.com.br\/loja\/wp-json\/wp\/v2\/media?parent=57"}],"wp:term":[{"taxonomy":"product_cat","embeddable":true,"href":"https:\/\/dressbydre.com.br\/loja\/wp-json\/wp\/v2\/product_cat?post=57"},{"taxonomy":"product_tag","embeddable":true,"href":"https:\/\/dressbydre.com.br\/loja\/wp-json\/wp\/v2\/product_tag?post=57"}],"curies":[{"name":"wp","href":"https:\/\/api.w.org\/{rel}","templated":true}]}}