{"id":56,"date":"2017-01-06T17:35:21","date_gmt":"2017-01-06T17:35:21","guid":{"rendered":"https:\/\/dressbydre.com.br\/loja\/?post_type=product&#038;p=56"},"modified":"2024-02-15T18:52:15","modified_gmt":"2024-02-15T18:52:15","slug":"jaleco-feminino-princess","status":"publish","type":"product","link":"https:\/\/dressbydre.com.br\/loja\/produto\/jaleco-feminino-princess\/","title":{"rendered":"Jaleco Feminino Princess"},"content":{"rendered":"<p>O Jaleco feminino Princess \u00e9 todo confeccionado em renda branca delicada, modelagem fit e cuidadoso acabamento. A pe\u00e7a tem aplica\u00e7\u00e3o de bot\u00f5es em formato de p\u00e9rola, mangas com recorte tipo sino traz\u00a0equil\u00edbrio na composi\u00e7\u00e3o da pe\u00e7a. \u00c9 ideal para sair do tradicional e surpreender, mas com um toque rom\u00e2ntico. Tecido renda com elastano que n\u00e3o limita os movimentos.<\/p>\n<p>Op\u00e7\u00f5es de cor: Renda branca.<\/p>\n<p>Aplica\u00e7\u00e3o de etiqueta met\u00e1lica lav\u00e1vel.<\/p>\n<p>Prazo de entrega: 10 dias \u00fateis<\/p>\n<p><a href=\"https:\/\/dressbydre.com.br\/loja\/wp-content\/uploads\/2017\/02\/medidas_jalecos.png\"><img loading=\"lazy\" decoding=\"async\" class=\"alignleft wp-image-199 size-full\" src=\"https:\/\/dressbydre.com.br\/loja\/wp-content\/uploads\/2017\/02\/medidas_jalecos.png\" width=\"489\" height=\"257\" srcset=\"https:\/\/dressbydre.com.br\/loja\/wp-content\/uploads\/2017\/02\/medidas_jalecos.png 489w, https:\/\/dressbydre.com.br\/loja\/wp-content\/uploads\/2017\/02\/medidas_jalecos-300x158.png 300w\" sizes=\"(max-width: 489px) 100vw, 489px\" \/><\/a><\/p>\n","protected":false},"excerpt":{"rendered":"<p>Todo confeccionado em renda branca delicada, modelagem fit e cuidadoso acabamento. A pe\u00e7a tem aplica\u00e7\u00e3o de bot\u00f5es em formato de p\u00e9rola, mangas com recorte tipo sino traz equil\u00edbrio na composi\u00e7\u00e3o da pe\u00e7a.<\/p>\n","protected":false},"featured_media":109,"comment_status":"open","ping_status":"closed","template":"","meta":{"_monsterinsights_skip_tracking":false,"_monsterinsights_sitenote_active":false,"_monsterinsights_sitenote_note":"","_monsterinsights_sitenote_category":0},"product_cat":[8],"product_tag":[],"_links":{"self":[{"href":"https:\/\/dressbydre.com.br\/loja\/wp-json\/wp\/v2\/product\/56"}],"collection":[{"href":"https:\/\/dressbydre.com.br\/loja\/wp-json\/wp\/v2\/product"}],"about":[{"href":"https:\/\/dressbydre.com.br\/loja\/wp-json\/wp\/v2\/types\/product"}],"replies":[{"embeddable":true,"href":"https:\/\/dressbydre.com.br\/loja\/wp-json\/wp\/v2\/comments?post=56"}],"wp:featuredmedia":[{"embeddable":true,"href":"https:\/\/dressbydre.com.br\/loja\/wp-json\/wp\/v2\/media\/109"}],"wp:attachment":[{"href":"https:\/\/dressbydre.com.br\/loja\/wp-json\/wp\/v2\/media?parent=56"}],"wp:term":[{"taxonomy":"product_cat","embeddable":true,"href":"https:\/\/dressbydre.com.br\/loja\/wp-json\/wp\/v2\/product_cat?post=56"},{"taxonomy":"product_tag","embeddable":true,"href":"https:\/\/dressbydre.com.br\/loja\/wp-json\/wp\/v2\/product_tag?post=56"}],"curies":[{"name":"wp","href":"https:\/\/api.w.org\/{rel}","templated":true}]}}