{"id":54,"date":"2017-01-06T17:33:01","date_gmt":"2017-01-06T17:33:01","guid":{"rendered":"https:\/\/dressbydre.com.br\/loja\/?post_type=product&#038;p=54"},"modified":"2024-02-15T18:52:15","modified_gmt":"2024-02-15T18:52:15","slug":"jaleco-feminino-gola-padre","status":"publish","type":"product","link":"https:\/\/dressbydre.com.br\/loja\/produto\/jaleco-feminino-gola-padre\/","title":{"rendered":"Jaleco Feminino Gola Padre"},"content":{"rendered":"<p>Design muito popular entre os profissionais da odontologia, o nosso Jaleco Feminino Gola de Padre busca inovar, o destaque vai para as mangas em renda com elastano que n\u00e3o limitam os movimentos, modelagem fit com recorte bem feminino, bolsos frontais com detalhe em renda, acompanha ainda um cinto em gabardine liso, de uso opcional, para destacar ainda mais a silhueta. Tecido gabardine importado.<\/p>\n<p>Op\u00e7\u00f5es de cor: branca com renda branca.<\/p>\n<p>Aplica\u00e7\u00e3o de bot\u00f5es personalizados Dress by Dre.<\/p>\n<p>Aplica\u00e7\u00e3o de etiqueta met\u00e1lica lav\u00e1vel.<\/p>\n<p>Prazo de entrega: 10 dias \u00fateis<\/p>\n<p><a href=\"https:\/\/dressbydre.com.br\/loja\/wp-content\/uploads\/2017\/02\/medidas_jalecos.png\"><img loading=\"lazy\" decoding=\"async\" class=\"alignleft wp-image-199 size-full\" src=\"https:\/\/dressbydre.com.br\/loja\/wp-content\/uploads\/2017\/02\/medidas_jalecos.png\" width=\"489\" height=\"257\" srcset=\"https:\/\/dressbydre.com.br\/loja\/wp-content\/uploads\/2017\/02\/medidas_jalecos.png 489w, https:\/\/dressbydre.com.br\/loja\/wp-content\/uploads\/2017\/02\/medidas_jalecos-300x158.png 300w\" sizes=\"(max-width: 489px) 100vw, 489px\" \/><\/a><\/p>\n","protected":false},"excerpt":{"rendered":"<p>Popular entre os profissionais da odontologia, o nosso Jaleco Feminino Gola de Padre busca inovar, o destaque vai para as mangas em renda com elastano que n\u00e3o limitam os movimentos.<\/p>\n","protected":false},"featured_media":118,"comment_status":"open","ping_status":"closed","template":"","meta":{"_monsterinsights_skip_tracking":false,"_monsterinsights_sitenote_active":false,"_monsterinsights_sitenote_note":"","_monsterinsights_sitenote_category":0},"product_cat":[8],"product_tag":[],"_links":{"self":[{"href":"https:\/\/dressbydre.com.br\/loja\/wp-json\/wp\/v2\/product\/54"}],"collection":[{"href":"https:\/\/dressbydre.com.br\/loja\/wp-json\/wp\/v2\/product"}],"about":[{"href":"https:\/\/dressbydre.com.br\/loja\/wp-json\/wp\/v2\/types\/product"}],"replies":[{"embeddable":true,"href":"https:\/\/dressbydre.com.br\/loja\/wp-json\/wp\/v2\/comments?post=54"}],"wp:featuredmedia":[{"embeddable":true,"href":"https:\/\/dressbydre.com.br\/loja\/wp-json\/wp\/v2\/media\/118"}],"wp:attachment":[{"href":"https:\/\/dressbydre.com.br\/loja\/wp-json\/wp\/v2\/media?parent=54"}],"wp:term":[{"taxonomy":"product_cat","embeddable":true,"href":"https:\/\/dressbydre.com.br\/loja\/wp-json\/wp\/v2\/product_cat?post=54"},{"taxonomy":"product_tag","embeddable":true,"href":"https:\/\/dressbydre.com.br\/loja\/wp-json\/wp\/v2\/product_tag?post=54"}],"curies":[{"name":"wp","href":"https:\/\/api.w.org\/{rel}","templated":true}]}}