{"id":53,"date":"2017-01-06T17:26:45","date_gmt":"2017-01-06T17:26:45","guid":{"rendered":"https:\/\/dressbydre.com.br\/loja\/?post_type=product&#038;p=53"},"modified":"2018-02-01T12:39:09","modified_gmt":"2018-02-01T12:39:09","slug":"jaleco-feminino-monaco-branco","status":"publish","type":"product","link":"https:\/\/dressbydre.com.br\/loja\/produto\/jaleco-feminino-monaco-branco\/","title":{"rendered":"Jaleco Feminino M\u00f4naco Branco"},"content":{"rendered":"<p>O Jaleco Feminino M\u00f4naco \u00e9 uma pe\u00e7a moderna e pr\u00e1tica, sem perder a sofistica\u00e7\u00e3o. A modelagem fit permite que o caimento fique bem ajustado a silhueta, bolsos frontais tipo faca, mangas com recorte sino e o fechamento frontal com z\u00edper completa o estilo pr\u00e1tico e moderno da pe\u00e7a. Confeccionado em gabardine importado \u00e9 ideal para todas as profissionais da sa\u00fade em geral.<\/p>\n<p>Op\u00e7\u00f5es de cor: branca e cinza<\/p>\n<p>Aplica\u00e7\u00e3o de etiqueta met\u00e1lica lav\u00e1vel<\/p>\n<p>Prazo de entrega: 10 dias \u00fateis<\/p>\n<p><a href=\"https:\/\/dressbydre.com.br\/loja\/wp-content\/uploads\/2017\/02\/medidas_jalecos.png\"><img loading=\"lazy\" decoding=\"async\" class=\"alignleft wp-image-199 size-full\" src=\"https:\/\/dressbydre.com.br\/loja\/wp-content\/uploads\/2017\/02\/medidas_jalecos.png\" width=\"489\" height=\"257\" srcset=\"https:\/\/dressbydre.com.br\/loja\/wp-content\/uploads\/2017\/02\/medidas_jalecos.png 489w, https:\/\/dressbydre.com.br\/loja\/wp-content\/uploads\/2017\/02\/medidas_jalecos-300x158.png 300w\" sizes=\"(max-width: 489px) 100vw, 489px\" \/><\/a><\/p>\n","protected":false},"excerpt":{"rendered":"<p>Pe\u00e7a moderna e pr\u00e1tica, sem perder a sofistica\u00e7\u00e3o. A modelagem fit permite que o caimento fique bem ajustado a silhueta, bolsos frontais tipo faca, mangas com recorte sino e o fechamento frontal com z\u00edper.<\/p>\n","protected":false},"featured_media":124,"comment_status":"open","ping_status":"closed","template":"","meta":{"_monsterinsights_skip_tracking":false,"_monsterinsights_sitenote_active":false,"_monsterinsights_sitenote_note":"","_monsterinsights_sitenote_category":0},"product_cat":[11],"product_tag":[],"_links":{"self":[{"href":"https:\/\/dressbydre.com.br\/loja\/wp-json\/wp\/v2\/product\/53"}],"collection":[{"href":"https:\/\/dressbydre.com.br\/loja\/wp-json\/wp\/v2\/product"}],"about":[{"href":"https:\/\/dressbydre.com.br\/loja\/wp-json\/wp\/v2\/types\/product"}],"replies":[{"embeddable":true,"href":"https:\/\/dressbydre.com.br\/loja\/wp-json\/wp\/v2\/comments?post=53"}],"wp:featuredmedia":[{"embeddable":true,"href":"https:\/\/dressbydre.com.br\/loja\/wp-json\/wp\/v2\/media\/124"}],"wp:attachment":[{"href":"https:\/\/dressbydre.com.br\/loja\/wp-json\/wp\/v2\/media?parent=53"}],"wp:term":[{"taxonomy":"product_cat","embeddable":true,"href":"https:\/\/dressbydre.com.br\/loja\/wp-json\/wp\/v2\/product_cat?post=53"},{"taxonomy":"product_tag","embeddable":true,"href":"https:\/\/dressbydre.com.br\/loja\/wp-json\/wp\/v2\/product_tag?post=53"}],"curies":[{"name":"wp","href":"https:\/\/api.w.org\/{rel}","templated":true}]}}