{"id":52,"date":"2017-01-06T17:25:08","date_gmt":"2017-01-06T17:25:08","guid":{"rendered":"https:\/\/dressbydre.com.br\/loja\/?post_type=product&#038;p=52"},"modified":"2018-02-01T12:39:32","modified_gmt":"2018-02-01T12:39:32","slug":"jaleco-feminino-caleche-branco","status":"publish","type":"product","link":"https:\/\/dressbydre.com.br\/loja\/produto\/jaleco-feminino-caleche-branco\/","title":{"rendered":"Jaleco Feminino Cal\u00e9che Branco"},"content":{"rendered":"<p>Com inspira\u00e7\u00e3o na alta alfaiataria o Jaleco Feminino Cal\u00e9che \u00e9 todo confeccionado em gabardine importado, com aplica\u00e7\u00e3o de bot\u00f5es personalizados Dress by Dre. Destaque para gola len\u00e7o e punhos de alfaiataria com triplos bot\u00f5es. Faixa de ajuste na parte de tr\u00e1s da pe\u00e7a permite destacar ainda mais a silhueta.<\/p>\n<p>Op\u00e7\u00f5es de cor: branca e azul marinho com detalhes em branco<\/p>\n<p>Aplica\u00e7\u00e3o de bot\u00f5es personalizados Dress by Dre<\/p>\n<p>Aplica\u00e7\u00e3o de etiqueta met\u00e1lica lav\u00e1vel<\/p>\n<p>Prazo de entrega: 10 dias \u00fateis<\/p>\n<p><a href=\"https:\/\/dressbydre.com.br\/loja\/wp-content\/uploads\/2017\/02\/medidas_jalecos.png\"><img loading=\"lazy\" decoding=\"async\" class=\"alignleft wp-image-199 size-full\" src=\"https:\/\/dressbydre.com.br\/loja\/wp-content\/uploads\/2017\/02\/medidas_jalecos.png\" width=\"489\" height=\"257\" srcset=\"https:\/\/dressbydre.com.br\/loja\/wp-content\/uploads\/2017\/02\/medidas_jalecos.png 489w, https:\/\/dressbydre.com.br\/loja\/wp-content\/uploads\/2017\/02\/medidas_jalecos-300x158.png 300w\" sizes=\"(max-width: 489px) 100vw, 489px\" \/><\/a><\/p>\n","protected":false},"excerpt":{"rendered":"<p>Todo confeccionado em gabardine importado, com aplica\u00e7\u00e3o de bot\u00f5es personalizados Dress by Dre. Destaque para gola len\u00e7o e punhos de alfaiataria com triplos bot\u00f5es.<\/p>\n","protected":false},"featured_media":129,"comment_status":"open","ping_status":"closed","template":"","meta":{"_monsterinsights_skip_tracking":false,"_monsterinsights_sitenote_active":false,"_monsterinsights_sitenote_note":"","_monsterinsights_sitenote_category":0},"product_cat":[11],"product_tag":[],"_links":{"self":[{"href":"https:\/\/dressbydre.com.br\/loja\/wp-json\/wp\/v2\/product\/52"}],"collection":[{"href":"https:\/\/dressbydre.com.br\/loja\/wp-json\/wp\/v2\/product"}],"about":[{"href":"https:\/\/dressbydre.com.br\/loja\/wp-json\/wp\/v2\/types\/product"}],"replies":[{"embeddable":true,"href":"https:\/\/dressbydre.com.br\/loja\/wp-json\/wp\/v2\/comments?post=52"}],"wp:featuredmedia":[{"embeddable":true,"href":"https:\/\/dressbydre.com.br\/loja\/wp-json\/wp\/v2\/media\/129"}],"wp:attachment":[{"href":"https:\/\/dressbydre.com.br\/loja\/wp-json\/wp\/v2\/media?parent=52"}],"wp:term":[{"taxonomy":"product_cat","embeddable":true,"href":"https:\/\/dressbydre.com.br\/loja\/wp-json\/wp\/v2\/product_cat?post=52"},{"taxonomy":"product_tag","embeddable":true,"href":"https:\/\/dressbydre.com.br\/loja\/wp-json\/wp\/v2\/product_tag?post=52"}],"curies":[{"name":"wp","href":"https:\/\/api.w.org\/{rel}","templated":true}]}}