{"id":48,"date":"2017-01-06T16:01:14","date_gmt":"2017-01-06T16:01:14","guid":{"rendered":"https:\/\/dressbydre.com.br\/loja\/?post_type=product&#038;p=48"},"modified":"2024-02-15T18:52:15","modified_gmt":"2024-02-15T18:52:15","slug":"jaleco-feminino-veneza","status":"publish","type":"product","link":"https:\/\/dressbydre.com.br\/loja\/produto\/jaleco-feminino-veneza\/","title":{"rendered":"Jaleco Feminino Veneza"},"content":{"rendered":"<p>O Jaleco Feminino Veneza \u00e9 perfeito para o dia a dia da profissional de sa\u00fade que n\u00e3o abre m\u00e3o do estilo, pe\u00e7a com recortes que valorizaram a silhueta feminina, destaque para as mangas e gola em renda com elastano que n\u00e3o limita os movimentos, acompanha ainda um cinto liso em gabardine, de uso opcional, para destacar ainda mais a cintura. Tecido gabardine importado.<\/p>\n<p>Op\u00e7\u00f5es de cor: branca com renda branca<\/p>\n<p>Aplica\u00e7\u00e3o de bot\u00f5es personalizados Dress by Dre<\/p>\n<p>Aplica\u00e7\u00e3o de etiqueta met\u00e1lica lav\u00e1vel<\/p>\n<p>Prazo de entrega: 10 dias \u00fateis<\/p>\n<p><a href=\"https:\/\/dressbydre.com.br\/loja\/wp-content\/uploads\/2017\/02\/medidas_jalecos.png\"><img loading=\"lazy\" decoding=\"async\" class=\"alignleft wp-image-199 size-full\" src=\"https:\/\/dressbydre.com.br\/loja\/wp-content\/uploads\/2017\/02\/medidas_jalecos.png\" width=\"489\" height=\"257\" srcset=\"https:\/\/dressbydre.com.br\/loja\/wp-content\/uploads\/2017\/02\/medidas_jalecos.png 489w, https:\/\/dressbydre.com.br\/loja\/wp-content\/uploads\/2017\/02\/medidas_jalecos-300x158.png 300w\" sizes=\"(max-width: 489px) 100vw, 489px\" \/><\/a><\/p>\n","protected":false},"excerpt":{"rendered":"<p>Recortes que valorizaram a silhueta feminina, destaque para as mangas e gola em renda com elastano que n\u00e3o limita os movimentos, acompanha ainda um cinto liso em gabardine.<\/p>\n","protected":false},"featured_media":146,"comment_status":"open","ping_status":"closed","template":"","meta":{"_monsterinsights_skip_tracking":false,"_monsterinsights_sitenote_active":false,"_monsterinsights_sitenote_note":"","_monsterinsights_sitenote_category":0},"product_cat":[8],"product_tag":[],"_links":{"self":[{"href":"https:\/\/dressbydre.com.br\/loja\/wp-json\/wp\/v2\/product\/48"}],"collection":[{"href":"https:\/\/dressbydre.com.br\/loja\/wp-json\/wp\/v2\/product"}],"about":[{"href":"https:\/\/dressbydre.com.br\/loja\/wp-json\/wp\/v2\/types\/product"}],"replies":[{"embeddable":true,"href":"https:\/\/dressbydre.com.br\/loja\/wp-json\/wp\/v2\/comments?post=48"}],"wp:featuredmedia":[{"embeddable":true,"href":"https:\/\/dressbydre.com.br\/loja\/wp-json\/wp\/v2\/media\/146"}],"wp:attachment":[{"href":"https:\/\/dressbydre.com.br\/loja\/wp-json\/wp\/v2\/media?parent=48"}],"wp:term":[{"taxonomy":"product_cat","embeddable":true,"href":"https:\/\/dressbydre.com.br\/loja\/wp-json\/wp\/v2\/product_cat?post=48"},{"taxonomy":"product_tag","embeddable":true,"href":"https:\/\/dressbydre.com.br\/loja\/wp-json\/wp\/v2\/product_tag?post=48"}],"curies":[{"name":"wp","href":"https:\/\/api.w.org\/{rel}","templated":true}]}}