{"id":47,"date":"2017-01-06T16:00:08","date_gmt":"2017-01-06T16:00:08","guid":{"rendered":"https:\/\/dressbydre.com.br\/loja\/?post_type=product&#038;p=47"},"modified":"2024-02-15T18:52:15","modified_gmt":"2024-02-15T18:52:15","slug":"jaleco-feminino-madri","status":"publish","type":"product","link":"https:\/\/dressbydre.com.br\/loja\/produto\/jaleco-feminino-madri\/","title":{"rendered":"Jaleco Feminino Madri"},"content":{"rendered":"<p>O Jaleco Feminino Madri tem aquela modelagem que valoriza o corpo feminino, com recorte evas\u00ea demarca a cintura e desce mais aberto. Mangas em renda com elastano n\u00e3o limitam os movimentos e faixa para ajuste na parte de tr\u00e1s da pe\u00e7a que permite destacar ainda mais a silhueta. Detalhes em renda delicadamente aplicados \u00e0 pe\u00e7a. Ideal para profissionais da sa\u00fade em geral. Tecido gabardine importado.<\/p>\n<p>Op\u00e7\u00f5es de cor: branca com renda branca<\/p>\n<p>Aplica\u00e7\u00e3o de bot\u00f5es personalizados Dress by Dre<\/p>\n<p>Aplica\u00e7\u00e3o de etiqueta met\u00e1lica lav\u00e1vel<\/p>\n<p>Prazo de entrega: 10 dias \u00fateis<\/p>\n<p><a href=\"https:\/\/dressbydre.com.br\/loja\/wp-content\/uploads\/2017\/02\/medidas_jalecos.png\"><img loading=\"lazy\" decoding=\"async\" class=\"alignleft wp-image-199 size-full\" src=\"https:\/\/dressbydre.com.br\/loja\/wp-content\/uploads\/2017\/02\/medidas_jalecos.png\" width=\"489\" height=\"257\" srcset=\"https:\/\/dressbydre.com.br\/loja\/wp-content\/uploads\/2017\/02\/medidas_jalecos.png 489w, https:\/\/dressbydre.com.br\/loja\/wp-content\/uploads\/2017\/02\/medidas_jalecos-300x158.png 300w\" sizes=\"(max-width: 489px) 100vw, 489px\" \/><\/a><\/p>\n","protected":false},"excerpt":{"rendered":"<p>Modelagem que valoriza o corpo feminino, com recorte evas\u00ea demarca a cintura e desce mais aberto, as mangas em renda com elastano n\u00e3o limitam os movimentos e a faixa para ajuste na parte de tr\u00e1s da pe\u00e7a permite destacar ainda mais a silhueta.<\/p>\n","protected":false},"featured_media":149,"comment_status":"open","ping_status":"closed","template":"","meta":{"_monsterinsights_skip_tracking":false,"_monsterinsights_sitenote_active":false,"_monsterinsights_sitenote_note":"","_monsterinsights_sitenote_category":0},"product_cat":[8],"product_tag":[],"_links":{"self":[{"href":"https:\/\/dressbydre.com.br\/loja\/wp-json\/wp\/v2\/product\/47"}],"collection":[{"href":"https:\/\/dressbydre.com.br\/loja\/wp-json\/wp\/v2\/product"}],"about":[{"href":"https:\/\/dressbydre.com.br\/loja\/wp-json\/wp\/v2\/types\/product"}],"replies":[{"embeddable":true,"href":"https:\/\/dressbydre.com.br\/loja\/wp-json\/wp\/v2\/comments?post=47"}],"wp:featuredmedia":[{"embeddable":true,"href":"https:\/\/dressbydre.com.br\/loja\/wp-json\/wp\/v2\/media\/149"}],"wp:attachment":[{"href":"https:\/\/dressbydre.com.br\/loja\/wp-json\/wp\/v2\/media?parent=47"}],"wp:term":[{"taxonomy":"product_cat","embeddable":true,"href":"https:\/\/dressbydre.com.br\/loja\/wp-json\/wp\/v2\/product_cat?post=47"},{"taxonomy":"product_tag","embeddable":true,"href":"https:\/\/dressbydre.com.br\/loja\/wp-json\/wp\/v2\/product_tag?post=47"}],"curies":[{"name":"wp","href":"https:\/\/api.w.org\/{rel}","templated":true}]}}