{"id":12,"date":"2016-08-26T01:27:40","date_gmt":"2016-08-26T01:27:40","guid":{"rendered":"http:\/\/dressbydre.dominiotemporario.com\/?post_type=product&#038;p=12"},"modified":"2024-02-15T18:52:15","modified_gmt":"2024-02-15T18:52:15","slug":"jaleco-modelo-roma","status":"publish","type":"product","link":"https:\/\/dressbydre.com.br\/loja\/produto\/jaleco-modelo-roma\/","title":{"rendered":"Jaleco Feminino Roma"},"content":{"rendered":"<p>Queridinho das nossas clientes, o Jaleco Feminino Roma \u00e9 ideal para as profissionais da sa\u00fade que querem compor um estilo formal, sem deixar de ser\u00a0moderna e feminina.\u00a0Modelagem tipo blazer, com fechamento transpassado e recorte na cintura d\u00e3o o caimento fit que tanto amamos! Mangas em renda com elastano que n\u00e3o limitam os movimentos. A pe\u00e7a ainda acompanha um cinto em renda, de uso opcional, para demarcar ainda mais a cintura. Tecido gabardine importado.<\/p>\n<p>Op\u00e7\u00f5es de cor: branca com renda branca.<\/p>\n<p>Aplica\u00e7\u00e3o de bot\u00f5es personalizados Dress by Dre.<\/p>\n<p>Aplica\u00e7\u00e3o de etiqueta met\u00e1lica lav\u00e1vel.<\/p>\n<p>Prazo de entrega: 10 dias \u00fateis<\/p>\n<p><a href=\"https:\/\/dressbydre.com.br\/loja\/wp-content\/uploads\/2017\/02\/medidas_jalecos.png\"><img loading=\"lazy\" decoding=\"async\" class=\"alignleft wp-image-199 size-full\" src=\"https:\/\/dressbydre.com.br\/loja\/wp-content\/uploads\/2017\/02\/medidas_jalecos.png\" width=\"489\" height=\"257\" srcset=\"https:\/\/dressbydre.com.br\/loja\/wp-content\/uploads\/2017\/02\/medidas_jalecos.png 489w, https:\/\/dressbydre.com.br\/loja\/wp-content\/uploads\/2017\/02\/medidas_jalecos-300x158.png 300w\" sizes=\"(max-width: 489px) 100vw, 489px\" \/><\/a><\/p>\n","protected":false},"excerpt":{"rendered":"<p>Modelagem tipo blazer, com fechamento transpassado e recorte na cintura, mangas em renda com elastano que n\u00e3o limitam os movimentos.<\/p>\n","protected":false},"featured_media":154,"comment_status":"open","ping_status":"closed","template":"","meta":{"_monsterinsights_skip_tracking":false,"_monsterinsights_sitenote_active":false,"_monsterinsights_sitenote_note":"","_monsterinsights_sitenote_category":0},"product_cat":[8],"product_tag":[],"_links":{"self":[{"href":"https:\/\/dressbydre.com.br\/loja\/wp-json\/wp\/v2\/product\/12"}],"collection":[{"href":"https:\/\/dressbydre.com.br\/loja\/wp-json\/wp\/v2\/product"}],"about":[{"href":"https:\/\/dressbydre.com.br\/loja\/wp-json\/wp\/v2\/types\/product"}],"replies":[{"embeddable":true,"href":"https:\/\/dressbydre.com.br\/loja\/wp-json\/wp\/v2\/comments?post=12"}],"wp:featuredmedia":[{"embeddable":true,"href":"https:\/\/dressbydre.com.br\/loja\/wp-json\/wp\/v2\/media\/154"}],"wp:attachment":[{"href":"https:\/\/dressbydre.com.br\/loja\/wp-json\/wp\/v2\/media?parent=12"}],"wp:term":[{"taxonomy":"product_cat","embeddable":true,"href":"https:\/\/dressbydre.com.br\/loja\/wp-json\/wp\/v2\/product_cat?post=12"},{"taxonomy":"product_tag","embeddable":true,"href":"https:\/\/dressbydre.com.br\/loja\/wp-json\/wp\/v2\/product_tag?post=12"}],"curies":[{"name":"wp","href":"https:\/\/api.w.org\/{rel}","templated":true}]}}