{"id":21,"date":"2016-09-19T22:04:02","date_gmt":"2016-09-19T22:04:02","guid":{"rendered":"https:\/\/dressbydre.com.br\/loja\/?page_id=21"},"modified":"2017-03-01T17:47:10","modified_gmt":"2017-03-01T17:47:10","slug":"politica-de-uso-e-privacidade","status":"publish","type":"page","link":"https:\/\/dressbydre.com.br\/loja\/politica-de-uso-e-privacidade\/","title":{"rendered":"Pol\u00edtica de uso e Privacidade"},"content":{"rendered":"<p><span style=\"font-weight: 400;\">A Dress by Dre est\u00e1 comprometida com a conscientiza\u00e7\u00e3o de seus clientes em rela\u00e7\u00e3o \u00e0s suas informa\u00e7\u00f5es coletadas e utilizadas para proporcionar uma melhor experi\u00eancia de navega\u00e7\u00e3o. Por isso, apresentamos nossa pol\u00edtica de uso e privacidade, que tem por objetivo esclarecer o uso dessas informa\u00e7\u00f5es. Ao visitar a <\/span><a href=\"https:\/\/dressbydre.com.br\/loja\"><span style=\"font-weight: 400;\">www.dressbydre.com.br<\/span><\/a><span style=\"font-weight: 400;\">, voc\u00ea aceita as pr\u00e1ticas descritas nesta pol\u00edtica.<\/span><\/p>\n<p><b>Cadastro e Coleta de Dados<\/b><\/p>\n<p><span style=\"font-weight: 400;\">Todas as informa\u00e7\u00f5es confiadas no cadastro ser\u00e3o de uso da Dress by Dre, sendo incorporadas ao banco de dados da empresa. A atualiza\u00e7\u00e3o e fornecimento correto dos dados no ato do cadastramento s\u00e3o de inteira responsabilidade do cliente.<\/span><\/p>\n<p><span style=\"font-weight: 400;\">Para realizar a compra, o usu\u00e1rio aceita fornecer seus dados pessoais, nos termos desta pol\u00edtica de privacidade e as condi\u00e7\u00f5es de uso do site, tanto por meio da internet como por outras m\u00eddias. Neste momento, o usu\u00e1rio poder\u00e1 fazer a op\u00e7\u00e3o por receber ou n\u00e3o avisos sobre produtos e servi\u00e7os da Dress by Dre. Esta decis\u00e3o poder\u00e1 ser tomada no ato do cadastramento, ou a qualquer tempo no link \u201creceba nossas novidades\u201d.<\/span><\/p>\n<p><span style=\"font-weight: 400;\">Se desejar apenas cancelar o recebimento de nossos comunicados, voc\u00ea pode a qualquer momento solicitar o cancelamento atrav\u00e9s do pr\u00f3prio e-mail recebido, clicando em \u201ccancele sua inscri\u00e7\u00e3o aqui\u201d ou ainda entrar em contato com a nossa central de atendimento no e-mail <a href=\"mailto:contato@dressbydre.com.br\">contato@dressbydre.com.br<\/a><\/span><\/p>\n<p><span style=\"font-weight: 400;\">O usu\u00e1rio pode alterar seus dados cadastrais e senha a partir do link \u201cminha conta\u201d que se encontra no menu de op\u00e7\u00f5es do site.<\/span><\/p>\n<p><span style=\"font-weight: 400;\">As informa\u00e7\u00f5es coletadas pela Dress by Dre trafegam e s\u00e3o armazenadas de forma segura, com o uso de criptografia.<\/span><\/p>\n<p><b>Compartilhamento de Informa\u00e7\u00f5es<\/b><\/p>\n<p><span style=\"font-weight: 400;\">As informa\u00e7\u00f5es coletadas poder\u00e3o ser utilizadas para direcionamento de campanhas publicit\u00e1rias de uma forma geral, gerar dados estat\u00edsticos com finalidade informativa ou gerencial.<\/span><\/p>\n<p><span style=\"font-weight: 400;\">Os dados pessoais do usu\u00e1rio n\u00e3o ser\u00e3o comercializados ou fornecidos a terceiros em nenhuma hip\u00f3tese, salvo em estrito cumprimento de ordens judiciais ou quando autorizados.<\/span><\/p>\n<p><b>Cuidados de Seguran\u00e7a para o Cliente<\/b><\/p>\n<p><span style=\"font-weight: 400;\">O usu\u00e1rio ser\u00e1 o \u00fanico respons\u00e1vel pela confidencialidade e adequada utiliza\u00e7\u00e3o de seu login e senha, criados no momento do cadastro.<\/span><\/p>\n<p><span style=\"font-weight: 400;\">Procure n\u00e3o utilizar senhas \u00f3bvias, como seq\u00fc\u00eancia num\u00e9ricas e\/ou de letras.<\/span><\/p>\n<p><span style=\"font-weight: 400;\">Nenhuma transmiss\u00e3o de dados na internet \u00e9 100% segura. Sendo assim, embora a Dress by Dre fa\u00e7a o poss\u00edvel para proteger suas informa\u00e7\u00f5es pessoais, n\u00e3o \u00e9 poss\u00edvel garantir a seguran\u00e7a de todas as informa\u00e7\u00f5es que voc\u00ea venha a nos fornecer. \u00c9 uma decis\u00e3o pessoal a utiliza\u00e7\u00e3o do servi\u00e7o nessas condi\u00e7\u00f5es. \u00a0<\/span><\/p>\n<p><span style=\"font-weight: 400;\">Certifique-se de sempre clicar em \u201csair\u201d ao encerrar sua navega\u00e7\u00e3o em um computador, pessoal ou compartilhada.<\/span><\/p>\n<p><b>Da entrega das Mercadorias<\/b><\/p>\n<p><span style=\"font-weight: 400;\">Ap\u00f3s a confirma\u00e7\u00e3o de pagamento, seu pedido ser\u00e1 postado em at\u00e9 10 (dez) dias \u00fateis, tempo necess\u00e1rio para a confec\u00e7\u00e3o da sua pe\u00e7a, n\u00e3o trabalhamos com estoque. A entrega dos pedidos \u00e9 feita pelos correios, via PAC ou SEDEX, de acordo com a escolha do cliente. O prazo de entrega, ap\u00f3s a postagem, \u00e9 de responsabilidade dos Correios e pode variar conforme a cidade\/estado.\u00a0<\/span><span style=\"font-weight: 400;\">\u00a0<\/span><\/p>\n<p><span style=\"font-weight: 400;\">\u00a0Ap\u00f3s a postagem de seu pedido, informaremos por e-mail o n\u00famero de rastreamento que servir\u00e1 como garantia de envio do produto ao cliente. Voc\u00ea poder\u00e1 consultar a situa\u00e7\u00e3o da entrega atrav\u00e9s do site dos correios.\u00a0O prazo, bem como a entrega \u00e9 de total responsabilidade dos Correios.<\/span><\/p>\n<p><span style=\"font-weight: 400;\">\u00c9 de responsabilidade do cliente fornecer corretamente todos os dados do logradouro: endere\u00e7o, n\u00famero, bairro, cidade, estado e CEP. Certifique-se que algu\u00e9m possa receber o seu produto no endere\u00e7o informado.<\/span><\/p>\n<p><span style=\"font-weight: 400;\">Infelizmente n\u00e3o nos responsabilizamos por endere\u00e7o incorreto, n\u00e3o recebimento ou destinat\u00e1rio ausente. Os Correios fazem tr\u00eas tentativas de entrega. Caso a mercadoria retorne ao remetente, ser\u00e1 cobrado do cliente um novo frete de envio.<\/span><\/p>\n<p><span style=\"font-weight: 400;\">O frete pode ser calculado sem compromisso antes de finalizar a compra clicando no carrinho e adicionando seu CEP no campo indicado.<\/span><\/p>\n<p><span style=\"font-weight: 400;\">Os correios podem apresentar problemas na entrega, como extravio ou furto de mercadorias. Nesse caso, \u00e9 preciso aguardar at\u00e9 20 (vinte) dias \u00fateis ap\u00f3s o envio dos correios e a Dress by Dre abrir\u00e1 uma reclama\u00e7\u00e3o formal contra os correios. Ap\u00f3s esse per\u00edodo enviaremos um novo produto ao cliente, sem custos adicionais.<\/span><\/p>\n<p><b>POL\u00cdTICA DE TROCA<\/b><\/p>\n<p><span style=\"font-weight: 400;\">O c\u00f3digo do consumidor assegura ao cliente o direito de troca do produto. Em caso de produto defeituoso a Dress by Dre arca com as despesas de frete. Em caso de trocas por op\u00e7\u00e3o, os custos de envio de ida, ser\u00e3o de responsabilidade do cliente e os custos reenvio de volta, ser\u00e3o de responsabilidade da Dress by Dre.<\/span><\/p>\n<p><b>Recebimento do novo produto<\/b><\/p>\n<p><span style=\"font-weight: 400;\">Ao recebermos o seu produto, levamos at\u00e9 15 (quinze) dias \u00fateis para analis\u00e1-lo. Ap\u00f3s a an\u00e1lise se favor\u00e1vel, voc\u00ea receber\u00e1 o novo produto no endere\u00e7o e no prazo indicados de acordo com o seu CEP.<\/span><\/p>\n<p><b>Produto com defeito<\/b><\/p>\n<p><span style=\"font-weight: 400;\">O prazo para troca de produtos com defeito \u00e9 de 15 (quinze) dias \u00fateis, a contar da data de recebimento.<\/span><\/p>\n<p><span style=\"font-weight: 400;\">Produtos personalizados s<\/span><span style=\"font-weight: 400;\">er\u00e3o trocados apenas em caso de defeito na personaliza\u00e7\u00e3o e\/ou no pr\u00f3prio produto.<\/span><\/p>\n<p><b>Envio Incorreto<\/b><\/p>\n<p><span style=\"font-weight: 400;\">Caso receba algum produto diferente do seu pedido, recuse a entrega e entre em contato com a nossa central de relacionamento, atrav\u00e9s do e-mail <a href=\"mailto:contato@dressbydre.com.br\">contato@dressbydre.com.br<\/a> .\u00a0<\/span><\/p>\n<p><b>INFORMA\u00c7\u00d5ES GERAIS<\/b><\/p>\n<p><span style=\"font-weight: 400;\">A Dress by Dre poder\u00e1 modificar esta Pol\u00edtica de uso e Privacidade a qualquer tempo. As altera\u00e7\u00f5es estar\u00e3o sempre presentes neste espa\u00e7o, de modo que os clientes tenham integral conhecimento.<\/span><\/p>\n<p><span style=\"font-weight: 400;\">Caso tenha d\u00favidas desta pol\u00edtica, envie um e-mail para <a href=\"mailto:contato@dressbydre.com.br\">contato@dressbydre.com.br<\/a><\/span><span style=\"font-weight: 400;\">\u00a0<\/span><span style=\"font-weight: 400;\">.<\/span><\/p>\n","protected":false},"excerpt":{"rendered":"<p>A Dress by Dre est\u00e1 comprometida com a conscientiza\u00e7\u00e3o de seus clientes em rela\u00e7\u00e3o \u00e0s suas informa\u00e7\u00f5es coletadas e utilizadas para proporcionar uma melhor experi\u00eancia de navega\u00e7\u00e3o. Por isso, apresentamos nossa pol\u00edtica de uso e privacidade, que tem por objetivo esclarecer o uso dessas informa\u00e7\u00f5es. Ao visitar a www.dressbydre.com.br, voc\u00ea aceita as pr\u00e1ticas descritas nesta [&hellip;]<\/p>\n","protected":false},"author":1,"featured_media":0,"parent":0,"menu_order":0,"comment_status":"closed","ping_status":"closed","template":"","meta":{"_monsterinsights_skip_tracking":false,"_monsterinsights_sitenote_active":false,"_monsterinsights_sitenote_note":"","_monsterinsights_sitenote_category":0,"footnotes":""},"_links":{"self":[{"href":"https:\/\/dressbydre.com.br\/loja\/wp-json\/wp\/v2\/pages\/21"}],"collection":[{"href":"https:\/\/dressbydre.com.br\/loja\/wp-json\/wp\/v2\/pages"}],"about":[{"href":"https:\/\/dressbydre.com.br\/loja\/wp-json\/wp\/v2\/types\/page"}],"author":[{"embeddable":true,"href":"https:\/\/dressbydre.com.br\/loja\/wp-json\/wp\/v2\/users\/1"}],"replies":[{"embeddable":true,"href":"https:\/\/dressbydre.com.br\/loja\/wp-json\/wp\/v2\/comments?post=21"}],"version-history":[{"count":6,"href":"https:\/\/dressbydre.com.br\/loja\/wp-json\/wp\/v2\/pages\/21\/revisions"}],"predecessor-version":[{"id":247,"href":"https:\/\/dressbydre.com.br\/loja\/wp-json\/wp\/v2\/pages\/21\/revisions\/247"}],"wp:attachment":[{"href":"https:\/\/dressbydre.com.br\/loja\/wp-json\/wp\/v2\/media?parent=21"}],"curies":[{"name":"wp","href":"https:\/\/api.w.org\/{rel}","templated":true}]}}