{"id":168,"date":"2017-01-27T12:47:14","date_gmt":"2017-01-27T12:47:14","guid":{"rendered":"https:\/\/dressbydre.com.br\/loja\/?page_id=168"},"modified":"2017-02-15T17:16:53","modified_gmt":"2017-02-15T17:16:53","slug":"a-empresa","status":"publish","type":"page","link":"https:\/\/dressbydre.com.br\/loja\/a-empresa\/","title":{"rendered":"A Empresa"},"content":{"rendered":"<p>A Dress by Dre surgiu da vontade de se reinventar,\u00a0de uma fam\u00edlia genuinamente brasileira, \u00a0com ra\u00edzes fincadas no mercado de confec\u00e7\u00e3o de moda e que j\u00e1 permeou por diversos segmentos deste mercado. Os anos de experi\u00eancia no ramo de figurinos vem agregar toda essa capacidade e conhecimento no desenvolvimento de pe\u00e7as que valorizem os profissionais da \u00e1rea da sa\u00fade em geral.<\/p>\n<p>Nossa miss\u00e3o \u00e9 agregar valor ao vestu\u00e1rio cotidiano profissional, atrav\u00e9s da escolha dos melhores tecidos, desenvolvimento da melhor modelagem, alinhado sempre as principais tend\u00eancias da moda.<\/p>\n<p>Tornar-se refer\u00eancia no mercado nacional e internacional \u00e9 nossa vis\u00e3o, sem deixar de estabelecer novos relacionamentos com nossos clientes e parceiros. Mais do que uma atividade comercial onde a \u00e9tica e satisfa\u00e7\u00e3o do cliente s\u00e3o metas di\u00e1rias, acreditamos genuinamente que todo super-her\u00f3i usa uniforme!<\/p>\n","protected":false},"excerpt":{"rendered":"<p>A Dress by Dre surgiu da vontade de se reinventar,\u00a0de uma fam\u00edlia genuinamente brasileira, \u00a0com ra\u00edzes fincadas no mercado de confec\u00e7\u00e3o de moda e que j\u00e1 permeou por diversos segmentos deste mercado. Os anos de experi\u00eancia no ramo de figurinos vem agregar toda essa capacidade e conhecimento no desenvolvimento de pe\u00e7as que valorizem os profissionais [&hellip;]<\/p>\n","protected":false},"author":1,"featured_media":0,"parent":0,"menu_order":0,"comment_status":"closed","ping_status":"closed","template":"","meta":{"_monsterinsights_skip_tracking":false,"_monsterinsights_sitenote_active":false,"_monsterinsights_sitenote_note":"","_monsterinsights_sitenote_category":0,"footnotes":""},"_links":{"self":[{"href":"https:\/\/dressbydre.com.br\/loja\/wp-json\/wp\/v2\/pages\/168"}],"collection":[{"href":"https:\/\/dressbydre.com.br\/loja\/wp-json\/wp\/v2\/pages"}],"about":[{"href":"https:\/\/dressbydre.com.br\/loja\/wp-json\/wp\/v2\/types\/page"}],"author":[{"embeddable":true,"href":"https:\/\/dressbydre.com.br\/loja\/wp-json\/wp\/v2\/users\/1"}],"replies":[{"embeddable":true,"href":"https:\/\/dressbydre.com.br\/loja\/wp-json\/wp\/v2\/comments?post=168"}],"version-history":[{"count":4,"href":"https:\/\/dressbydre.com.br\/loja\/wp-json\/wp\/v2\/pages\/168\/revisions"}],"predecessor-version":[{"id":176,"href":"https:\/\/dressbydre.com.br\/loja\/wp-json\/wp\/v2\/pages\/168\/revisions\/176"}],"wp:attachment":[{"href":"https:\/\/dressbydre.com.br\/loja\/wp-json\/wp\/v2\/media?parent=168"}],"curies":[{"name":"wp","href":"https:\/\/api.w.org\/{rel}","templated":true}]}}